{"id":1872,"date":"2023-07-31T18:40:07","date_gmt":"2023-07-31T18:40:07","guid":{"rendered":"https:\/\/medjettravel.com\/?page_id=1872"},"modified":"2024-02-06T17:35:13","modified_gmt":"2024-02-06T17:35:13","slug":"alexandria","status":"publish","type":"page","link":"https:\/\/medjettravel.com\/es\/destinations\/alexandria\/","title":{"rendered":"Alejandr\u00eda"},"content":{"rendered":"<div data-elementor-type=\"wp-page\" data-elementor-id=\"1872\" class=\"elementor elementor-1872\" data-elementor-post-type=\"page\">\n\t\t\t\t\t\t\t\t\t<section class=\"elementor-section elementor-top-section elementor-element elementor-element-b836577 elementor-section-height-min-height elementor-section-items-stretch elementor-section-content-middle elementor-section-boxed elementor-section-height-default\" data-id=\"b836577\" data-element_type=\"section\" data-settings=\"{&quot;background_background&quot;:&quot;video&quot;,&quot;background_play_on_mobile&quot;:&quot;yes&quot;,&quot;background_privacy_mode&quot;:&quot;yes&quot;}\">\n\t\t\t\t\t\t\t<div class=\"elementor-background-overlay\"><\/div>\n\t\t\t\t\t\t\t<div class=\"elementor-container elementor-column-gap-narrow\">\n\t\t\t\t\t<div class=\"elementor-column elementor-col-25 elementor-top-column elementor-element elementor-element-4fea84d elementor-hidden-mobile\" data-id=\"4fea84d\" data-element_type=\"column\">\n\t\t\t<div class=\"elementor-widget-wrap elementor-element-populated\">\n\t\t\t\t\t\t\t\t<section class=\"elementor-section elementor-inner-section elementor-element elementor-element-8b01c53 elementor-section-height-min-height elementor-section-boxed elementor-section-height-default\" data-id=\"8b01c53\" data-element_type=\"section\" data-settings=\"{&quot;background_background&quot;:&quot;classic&quot;}\">\n\t\t\t\t\t\t<div class=\"elementor-container elementor-column-gap-default\">\n\t\t\t\t\t<div class=\"elementor-column elementor-col-100 elementor-inner-column elementor-element elementor-element-973ba4b\" data-id=\"973ba4b\" data-element_type=\"column\" data-settings=\"{&quot;background_background&quot;:&quot;slideshow&quot;,&quot;background_slideshow_gallery&quot;:[],&quot;background_slideshow_loop&quot;:&quot;yes&quot;,&quot;background_slideshow_slide_duration&quot;:5000,&quot;background_slideshow_slide_transition&quot;:&quot;fade&quot;,&quot;background_slideshow_transition_duration&quot;:500}\">\n\t\t\t<div class=\"elementor-widget-wrap\">\n\t\t\t\t\t\t\t\t\t<\/div>\n\t\t<\/div>\n\t\t\t\t\t\t\t<\/div>\n\t\t<\/section>\n\t\t\t\t\t<\/div>\n\t\t<\/div>\n\t\t\t\t<div class=\"elementor-column elementor-col-50 elementor-top-column elementor-element elementor-element-1ab851d elementor-hidden-mobile\" data-id=\"1ab851d\" data-element_type=\"column\">\n\t\t\t<div class=\"elementor-widget-wrap elementor-element-populated\">\n\t\t\t\t\t\t\t\t<section class=\"elementor-section elementor-inner-section elementor-element elementor-element-70449c1 elementor-section-height-min-height elementor-section-boxed elementor-section-height-default\" data-id=\"70449c1\" data-element_type=\"section\" data-settings=\"{&quot;background_background&quot;:&quot;classic&quot;}\">\n\t\t\t\t\t\t<div class=\"elementor-container elementor-column-gap-default\">\n\t\t\t\t\t<div class=\"elementor-column elementor-col-100 elementor-inner-column elementor-element elementor-element-5eac386\" data-id=\"5eac386\" data-element_type=\"column\">\n\t\t\t<div class=\"elementor-widget-wrap elementor-element-populated\">\n\t\t\t\t\t\t\t\t<div class=\"elementor-element elementor-element-3c2d519 hide elementor-widget elementor-widget-heading\" data-id=\"3c2d519\" data-element_type=\"widget\" data-widget_type=\"heading.default\">\n\t\t\t\t<div class=\"elementor-widget-container\">\n\t\t\t<style>\/*! elementor - v3.16.0 - 12-09-2023 *\/\n.elementor-heading-title{padding:0;margin:0;line-height:1}.elementor-widget-heading .elementor-heading-title[class*=elementor-size-]>a{color:inherit;font-size:inherit;line-height:inherit}.elementor-widget-heading .elementor-heading-title.elementor-size-small{font-size:15px}.elementor-widget-heading .elementor-heading-title.elementor-size-medium{font-size:19px}.elementor-widget-heading .elementor-heading-title.elementor-size-large{font-size:29px}.elementor-widget-heading .elementor-heading-title.elementor-size-xl{font-size:39px}.elementor-widget-heading .elementor-heading-title.elementor-size-xxl{font-size:59px}<\/style><h1 class=\"elementor-heading-title elementor-size-default\">Top attractions in Alexandria\n<\/h1>\t\t<\/div>\n\t\t\t\t<\/div>\n\t\t\t\t<div class=\"elementor-element elementor-element-1939db9 hide elementor-widget elementor-widget-heading\" data-id=\"1939db9\" data-element_type=\"widget\" data-widget_type=\"heading.default\">\n\t\t\t\t<div class=\"elementor-widget-container\">\n\t\t\t<h2 class=\"elementor-heading-title elementor-size-default\">Visiting Alexandria Egypt\n<\/h2>\t\t<\/div>\n\t\t\t\t<\/div>\n\t\t\t\t<div class=\"elementor-element elementor-element-2fb6537 hide elementor-widget elementor-widget-heading\" data-id=\"2fb6537\" data-element_type=\"widget\" data-widget_type=\"heading.default\">\n\t\t\t\t<div class=\"elementor-widget-container\">\n\t\t\t<h3 class=\"elementor-heading-title elementor-size-default\"><a href=\"http:\/\/www.websitexprt.com\">Alexandria Egypt attractions\n<\/a><\/h3>\t\t<\/div>\n\t\t\t\t<\/div>\n\t\t\t\t<div class=\"elementor-element elementor-element-a5aba5b hide elementor-widget elementor-widget-heading\" data-id=\"a5aba5b\" data-element_type=\"widget\" data-widget_type=\"heading.default\">\n\t\t\t\t<div class=\"elementor-widget-container\">\n\t\t\t<p class=\"elementor-heading-title elementor-size-default\"><a href=\"http:\/\/www.websitexprt.com\">Alexandria Egypt attractions Discover the top things to do and attractions in Alexandria, Egypt. Our Alexandria travel guide helps you plan your trip, with tips on visiting sites like the Bibliotheca Alexandrina, Pompey's Pillar, Citadel of Qaitbay, and more. Best sites to see in Alexandria.\n\n<\/a><\/p>\t\t<\/div>\n\t\t\t\t<\/div>\n\t\t\t\t\t<\/div>\n\t\t<\/div>\n\t\t\t\t\t\t\t<\/div>\n\t\t<\/section>\n\t\t\t\t\t<\/div>\n\t\t<\/div>\n\t\t\t\t<div class=\"elementor-column elementor-col-25 elementor-top-column elementor-element elementor-element-6489895\" data-id=\"6489895\" data-element_type=\"column\">\n\t\t\t<div class=\"elementor-widget-wrap elementor-element-populated\">\n\t\t\t\t\t\t\t\t<section class=\"elementor-section elementor-inner-section elementor-element elementor-element-b325408 elementor-section-height-min-height elementor-section-boxed elementor-section-height-default\" data-id=\"b325408\" data-element_type=\"section\" data-settings=\"{&quot;background_background&quot;:&quot;classic&quot;}\">\n\t\t\t\t\t\t<div class=\"elementor-container elementor-column-gap-default\">\n\t\t\t\t\t<div class=\"elementor-column elementor-col-100 elementor-inner-column elementor-element elementor-element-1df7a79\" data-id=\"1df7a79\" data-element_type=\"column\" data-settings=\"{&quot;background_background&quot;:&quot;classic&quot;}\">\n\t\t\t<div class=\"elementor-widget-wrap\">\n\t\t\t\t\t\t\t\t\t<\/div>\n\t\t<\/div>\n\t\t\t\t\t\t\t<\/div>\n\t\t<\/section>\n\t\t\t\t\t<\/div>\n\t\t<\/div>\n\t\t\t\t\t\t\t<\/div>\n\t\t<\/section>\n\t\t\t\t<section class=\"elementor-section elementor-top-section elementor-element elementor-element-0c62541 elementor-section-boxed elementor-section-height-default elementor-section-height-default\" data-id=\"0c62541\" data-element_type=\"section\">\n\t\t\t\t\t\t\t<div class=\"elementor-background-overlay\"><\/div>\n\t\t\t\t\t\t\t<div class=\"elementor-container elementor-column-gap-default\">\n\t\t\t\t\t<div class=\"elementor-column elementor-col-100 elementor-top-column elementor-element elementor-element-2bd6e55\" data-id=\"2bd6e55\" data-element_type=\"column\">\n\t\t\t<div class=\"elementor-widget-wrap elementor-element-populated\">\n\t\t\t\t\t\t\t\t<div class=\"elementor-element elementor-element-3d8b19f elementor-widget elementor-widget-heading\" data-id=\"3d8b19f\" data-element_type=\"widget\" data-widget_type=\"heading.default\">\n\t\t\t\t<div class=\"elementor-widget-container\">\n\t\t\t<h2 class=\"elementor-heading-title elementor-size-default\">Descubriendo Alejandr\u00eda Aventuras Culturales te Esperan<\/h2>\t\t<\/div>\n\t\t\t\t<\/div>\n\t\t\t\t\t<\/div>\n\t\t<\/div>\n\t\t\t\t\t\t\t<\/div>\n\t\t<\/section>\n\t\t\t\t<section class=\"elementor-section elementor-top-section elementor-element elementor-element-2b7fa372 elementor-section-boxed elementor-section-height-default elementor-section-height-default\" data-id=\"2b7fa372\" data-element_type=\"section\">\n\t\t\t\t\t\t\t<div class=\"elementor-background-overlay\"><\/div>\n\t\t\t\t\t\t\t<div class=\"elementor-container elementor-column-gap-default\">\n\t\t\t\t\t<div class=\"elementor-column elementor-col-100 elementor-top-column elementor-element elementor-element-3c0fdb6d\" data-id=\"3c0fdb6d\" data-element_type=\"column\">\n\t\t\t<div class=\"elementor-widget-wrap elementor-element-populated\">\n\t\t\t\t\t\t\t\t<div class=\"elementor-element elementor-element-5b8cb39 elementor-grid-eael-col-3 elementor-grid-tablet-eael-col-2 elementor-grid-mobile-eael-col-1 elementor-widget elementor-widget-eael-post-grid\" data-id=\"5b8cb39\" data-element_type=\"widget\" data-settings=\"{&quot;eael_post_grid_columns&quot;:&quot;eael-col-3&quot;,&quot;eael_post_grid_columns_tablet&quot;:&quot;eael-col-2&quot;,&quot;eael_post_grid_columns_mobile&quot;:&quot;eael-col-1&quot;}\" data-widget_type=\"eael-post-grid.default\">\n\t\t\t\t<div class=\"elementor-widget-container\">\n\t\t\t<div id=\"eael-post-grid-5b8cb39\" class=\"eael-post-grid-container\">\n            <div class=\"eael-post-grid eael-post-appender eael-post-appender-5b8cb39 eael-post-grid-style-default\" data-layout-mode=\"grid\"><article class=\"eael-grid-post eael-post-grid-column\" data-id=\"1192\">\n        <div class=\"eael-grid-post-holder\">\n            <div class=\"eael-grid-post-holder-inner\"><div class=\"eael-entry-media\"><div class=\"eael-entry-overlay fade-in\"><i class=\"fas fa-long-arrow-alt-right\" aria-hidden=\"true\"><\/i><a href=\"https:\/\/medjettravel.com\/es\/egypt\/package\/super-mega-promotion-15-days\/\"><\/a><\/div><div class=\"eael-entry-thumbnail\">\n                <img decoding=\"async\" width=\"500\" height=\"625\" src=\"https:\/\/medjettravel.com\/wp-content\/uploads\/2023\/06\/Orange-bay-2000x1000-2.jpg\" class=\"attachment-medium_large size-medium_large wp-image-1666\" alt=\"Egypt - Medjet Travel - red-sea-hurghada-sharm-el-sheikh-marsa-alam- packages\" srcset=\"https:\/\/medjettravel.com\/wp-content\/uploads\/2023\/06\/Orange-bay-2000x1000-2.jpg 500w, https:\/\/medjettravel.com\/wp-content\/uploads\/2023\/06\/Orange-bay-2000x1000-2-240x300.jpg 240w\" sizes=\"(max-width: 500px) 100vw, 500px\" \/>\n            <\/div>\n        <\/div><div class=\"eael-entry-wrapper\"><header class=\"eael-entry-header\"><h2 class=\"eael-entry-title\"><a\n                        class=\"eael-grid-post-link\"\n                        href=\"https:\/\/medjettravel.com\/es\/egypt\/package\/super-mega-promotion-15-days\/\"\n                        title=\"Super Mega Promoci\u00f3n 15 D\u00edas\">Super Mega Promoci\u00f3n 15 D\u00edas<\/a><\/h2><\/header><div class=\"eael-entry-content\">\n                        <div class=\"eael-grid-post-excerpt\"><p>Cairo, Aswan, Luxor, Hurghada, Siwa and Alexandria<\/p><\/div>\n                    <\/div><\/div><\/div>\n        <\/div>\n    <\/article><article class=\"eael-grid-post eael-post-grid-column\" data-id=\"1161\">\n        <div class=\"eael-grid-post-holder\">\n            <div class=\"eael-grid-post-holder-inner\"><div class=\"eael-entry-media\"><div class=\"eael-entry-overlay fade-in\"><i class=\"fas fa-long-arrow-alt-right\" aria-hidden=\"true\"><\/i><a href=\"https:\/\/medjettravel.com\/es\/egypt\/package\/egyptian-charms-with-the-red-sea-14-days\/\"><\/a><\/div><div class=\"eael-entry-thumbnail\">\n                <img decoding=\"async\" width=\"500\" height=\"625\" src=\"https:\/\/medjettravel.com\/wp-content\/uploads\/2023\/06\/efacfaef2fff5a7c0ebb1dfae4663e61-st-katherine-s-monastery-1500x1000-1.jpg\" class=\"attachment-medium_large size-medium_large wp-image-1662\" alt=\"Egypt - Medjet Travel - sinai-St.-Catherine&#039;s-Monastery\" srcset=\"https:\/\/medjettravel.com\/wp-content\/uploads\/2023\/06\/efacfaef2fff5a7c0ebb1dfae4663e61-st-katherine-s-monastery-1500x1000-1.jpg 500w, https:\/\/medjettravel.com\/wp-content\/uploads\/2023\/06\/efacfaef2fff5a7c0ebb1dfae4663e61-st-katherine-s-monastery-1500x1000-1-240x300.jpg 240w\" sizes=\"(max-width: 500px) 100vw, 500px\" \/>\n            <\/div>\n        <\/div><div class=\"eael-entry-wrapper\"><header class=\"eael-entry-header\"><h2 class=\"eael-entry-title\"><a\n                        class=\"eael-grid-post-link\"\n                        href=\"https:\/\/medjettravel.com\/es\/egypt\/package\/egyptian-charms-with-the-red-sea-14-days\/\"\n                        title=\"Encantos egipcios con el Mar Rojo 14 d\u00edas\">Encantos egipcios con el Mar Rojo 14 d\u00edas<\/a><\/h2><\/header><div class=\"eael-entry-content\">\n                        <div class=\"eael-grid-post-excerpt\"><p>El Cairo, Asu\u00e1n, Luxor, Sina\u00ed, Sharm El Sheikh y Alejandr\u00eda<\/p><\/div>\n                    <\/div><\/div><\/div>\n        <\/div>\n    <\/article><article class=\"eael-grid-post eael-post-grid-column\" data-id=\"1148\">\n        <div class=\"eael-grid-post-holder\">\n            <div class=\"eael-grid-post-holder-inner\"><div class=\"eael-entry-media\"><div class=\"eael-entry-overlay fade-in\"><i class=\"fas fa-long-arrow-alt-right\" aria-hidden=\"true\"><\/i><a href=\"https:\/\/medjettravel.com\/es\/egypt\/package\/egypt-express-5-days\/\"><\/a><\/div><div class=\"eael-entry-thumbnail\">\n                <img decoding=\"async\" width=\"500\" height=\"625\" src=\"https:\/\/medjettravel.com\/wp-content\/uploads\/2023\/06\/Great-Pyramids-of-Giza-Egypt-.jpg\" class=\"attachment-medium_large size-medium_large wp-image-1670\" alt=\"Egypt - Medjet Travel - Cairo - Giza - Pyramids - Grand Pyramid - Sphinx - Camel riding\" srcset=\"https:\/\/medjettravel.com\/wp-content\/uploads\/2023\/06\/Great-Pyramids-of-Giza-Egypt-.jpg 500w, https:\/\/medjettravel.com\/wp-content\/uploads\/2023\/06\/Great-Pyramids-of-Giza-Egypt--240x300.jpg 240w\" sizes=\"(max-width: 500px) 100vw, 500px\" \/>\n            <\/div>\n        <\/div><div class=\"eael-entry-wrapper\"><header class=\"eael-entry-header\"><h2 class=\"eael-entry-title\"><a\n                        class=\"eael-grid-post-link\"\n                        href=\"https:\/\/medjettravel.com\/es\/egypt\/package\/egypt-express-5-days\/\"\n                        title=\"Egipto Express 5 D\u00edas\">Egipto Express 5 D\u00edas<\/a><\/h2><\/header><div class=\"eael-entry-content\">\n                        <div class=\"eael-grid-post-excerpt\"><p>El Cairo y Alejandr\u00eda<\/p><\/div>\n                    <\/div><\/div><\/div>\n        <\/div>\n    <\/article><article class=\"eael-grid-post eael-post-grid-column\" data-id=\"1240\">\n        <div class=\"eael-grid-post-holder\">\n            <div class=\"eael-grid-post-holder-inner\"><div class=\"eael-entry-media\"><div class=\"eael-entry-overlay fade-in\"><i class=\"fas fa-long-arrow-alt-right\" aria-hidden=\"true\"><\/i><a href=\"https:\/\/medjettravel.com\/es\/egypt\/daily-tour\/alexandria-day-tour-from-cairo-exploring-the-iconic-historical-sites\/\"><\/a><\/div><div class=\"eael-entry-thumbnail\">\n                <img decoding=\"async\" width=\"500\" height=\"625\" src=\"https:\/\/medjettravel.com\/wp-content\/uploads\/2023\/07\/c4b5b5f3c52add87c94df2699da40184.jpg\" class=\"attachment-medium_large size-medium_large wp-image-2043\" alt=\"egypt-medjet-travel-Alexandria\" srcset=\"https:\/\/medjettravel.com\/wp-content\/uploads\/2023\/07\/c4b5b5f3c52add87c94df2699da40184.jpg 500w, https:\/\/medjettravel.com\/wp-content\/uploads\/2023\/07\/c4b5b5f3c52add87c94df2699da40184-240x300.jpg 240w\" sizes=\"(max-width: 500px) 100vw, 500px\" \/>\n            <\/div>\n        <\/div><div class=\"eael-entry-wrapper\"><header class=\"eael-entry-header\"><h2 class=\"eael-entry-title\"><a\n                        class=\"eael-grid-post-link\"\n                        href=\"https:\/\/medjettravel.com\/es\/egypt\/daily-tour\/alexandria-day-tour-from-cairo-exploring-the-iconic-historical-sites\/\"\n                        title=\"Tour de un d\u00eda a Alejandr\u00eda desde El Cairo explorando los emblem\u00e1ticos sitios hist\u00f3ricos\">Tour de un d\u00eda a Alejandr\u00eda desde El Cairo explorando los emblem\u00e1ticos sitios hist\u00f3ricos<\/a><\/h2><\/header><div class=\"eael-entry-content\">\n                        <div class=\"eael-grid-post-excerpt\"><p>Alejandr\u00eda<\/p><\/div>\n                    <\/div><\/div><\/div>\n        <\/div>\n    <\/article><\/div>\n            <div class=\"clearfix\"><\/div>\n        <\/div>\t\t<\/div>\n\t\t\t\t<\/div>\n\t\t\t\t\t<\/div>\n\t\t<\/div>\n\t\t\t\t\t\t\t<\/div>\n\t\t<\/section>\n\t\t\t\t\t\t\t<\/div>","protected":false},"excerpt":{"rendered":"<p>Top attractions in Alexandria Visiting Alexandria Egypt Alexandria Egypt attractions Alexandria Egypt attractions Discover the top things to do and attractions in Alexandria, Egypt. Our Alexandria travel guide helps you plan your trip, with tips on visiting sites like the Bibliotheca Alexandrina, Pompey&#8217;s Pillar, Citadel of Qaitbay, and more. Best sites to see in Alexandria. [&hellip;]<\/p>","protected":false},"author":1,"featured_media":0,"parent":383,"menu_order":0,"comment_status":"closed","ping_status":"closed","template":"elementor_header_footer","meta":{"footnotes":""},"blocksy_meta":"","aioseo_notices":[],"_links":{"self":[{"href":"https:\/\/medjettravel.com\/es\/wp-json\/wp\/v2\/pages\/1872"}],"collection":[{"href":"https:\/\/medjettravel.com\/es\/wp-json\/wp\/v2\/pages"}],"about":[{"href":"https:\/\/medjettravel.com\/es\/wp-json\/wp\/v2\/types\/page"}],"author":[{"embeddable":true,"href":"https:\/\/medjettravel.com\/es\/wp-json\/wp\/v2\/users\/1"}],"replies":[{"embeddable":true,"href":"https:\/\/medjettravel.com\/es\/wp-json\/wp\/v2\/comments?post=1872"}],"version-history":[{"count":3,"href":"https:\/\/medjettravel.com\/es\/wp-json\/wp\/v2\/pages\/1872\/revisions"}],"predecessor-version":[{"id":4002,"href":"https:\/\/medjettravel.com\/es\/wp-json\/wp\/v2\/pages\/1872\/revisions\/4002"}],"up":[{"embeddable":true,"href":"https:\/\/medjettravel.com\/es\/wp-json\/wp\/v2\/pages\/383"}],"wp:attachment":[{"href":"https:\/\/medjettravel.com\/es\/wp-json\/wp\/v2\/media?parent=1872"}],"curies":[{"name":"wp","href":"https:\/\/api.w.org\/{rel}","templated":true}]}}