{"id":576,"date":"2023-05-27T16:45:35","date_gmt":"2023-05-27T16:45:35","guid":{"rendered":"https:\/\/medjettravel.com\/?page_id=576"},"modified":"2023-09-08T21:01:17","modified_gmt":"2023-09-08T21:01:17","slug":"nile-cruise","status":"publish","type":"page","link":"https:\/\/medjettravel.com\/es\/nile-cruise\/","title":{"rendered":"Crucero Por El Nilo"},"content":{"rendered":"<div data-elementor-type=\"wp-page\" data-elementor-id=\"576\" class=\"elementor elementor-576\" data-elementor-post-type=\"page\">\n\t\t\t\t\t\t\t\t\t<section class=\"elementor-section elementor-top-section elementor-element elementor-element-30dbd16 elementor-section-height-min-height elementor-section-items-stretch elementor-section-content-middle elementor-section-boxed elementor-section-height-default\" data-id=\"30dbd16\" data-element_type=\"section\" data-settings=\"{&quot;background_background&quot;:&quot;video&quot;,&quot;background_play_on_mobile&quot;:&quot;yes&quot;,&quot;background_privacy_mode&quot;:&quot;yes&quot;}\">\n\t\t\t\t\t\t\t<div class=\"elementor-background-overlay\"><\/div>\n\t\t\t\t\t\t\t<div class=\"elementor-container elementor-column-gap-narrow\">\n\t\t\t\t\t<div class=\"elementor-column elementor-col-25 elementor-top-column elementor-element elementor-element-a657303\" data-id=\"a657303\" data-element_type=\"column\">\n\t\t\t<div class=\"elementor-widget-wrap elementor-element-populated\">\n\t\t\t\t\t\t\t\t<section class=\"elementor-section elementor-inner-section elementor-element elementor-element-e87136f elementor-section-height-min-height elementor-hidden-mobile elementor-section-boxed elementor-section-height-default\" data-id=\"e87136f\" data-element_type=\"section\" data-settings=\"{&quot;background_background&quot;:&quot;classic&quot;}\">\n\t\t\t\t\t\t<div class=\"elementor-container elementor-column-gap-default\">\n\t\t\t\t\t<div class=\"elementor-column elementor-col-100 elementor-inner-column elementor-element elementor-element-58e62a2\" data-id=\"58e62a2\" data-element_type=\"column\" data-settings=\"{&quot;background_background&quot;:&quot;slideshow&quot;,&quot;background_slideshow_gallery&quot;:[{&quot;id&quot;:1834,&quot;url&quot;:&quot;https:\\\/\\\/medjettravel.com\\\/wp-content\\\/uploads\\\/2023\\\/07\\\/blogs-1679247434.jpg&quot;}],&quot;background_slideshow_loop&quot;:&quot;yes&quot;,&quot;background_slideshow_slide_duration&quot;:5000,&quot;background_slideshow_slide_transition&quot;:&quot;fade&quot;,&quot;background_slideshow_transition_duration&quot;:500}\">\n\t\t\t<div class=\"elementor-widget-wrap\">\n\t\t\t\t\t\t\t\t\t<\/div>\n\t\t<\/div>\n\t\t\t\t\t\t\t<\/div>\n\t\t<\/section>\n\t\t\t\t\t<\/div>\n\t\t<\/div>\n\t\t\t\t<div class=\"elementor-column elementor-col-50 elementor-top-column elementor-element elementor-element-6c5e35b elementor-hidden-mobile\" data-id=\"6c5e35b\" data-element_type=\"column\">\n\t\t\t<div class=\"elementor-widget-wrap elementor-element-populated\">\n\t\t\t\t\t\t\t\t<section class=\"elementor-section elementor-inner-section elementor-element elementor-element-9a63cd5 elementor-section-height-min-height elementor-section-boxed elementor-section-height-default\" data-id=\"9a63cd5\" data-element_type=\"section\" data-settings=\"{&quot;background_background&quot;:&quot;classic&quot;}\">\n\t\t\t\t\t\t<div class=\"elementor-container elementor-column-gap-default\">\n\t\t\t\t\t<div class=\"elementor-column elementor-col-100 elementor-inner-column elementor-element elementor-element-9f3434d\" data-id=\"9f3434d\" data-element_type=\"column\">\n\t\t\t<div class=\"elementor-widget-wrap elementor-element-populated\">\n\t\t\t\t\t\t\t\t<div class=\"elementor-element elementor-element-851655f hide elementor-widget elementor-widget-heading\" data-id=\"851655f\" data-element_type=\"widget\" data-widget_type=\"heading.default\">\n\t\t\t\t<div class=\"elementor-widget-container\">\n\t\t\t<style>\/*! elementor - v3.16.0 - 12-09-2023 *\/\n.elementor-heading-title{padding:0;margin:0;line-height:1}.elementor-widget-heading .elementor-heading-title[class*=elementor-size-]>a{color:inherit;font-size:inherit;line-height:inherit}.elementor-widget-heading .elementor-heading-title.elementor-size-small{font-size:15px}.elementor-widget-heading .elementor-heading-title.elementor-size-medium{font-size:19px}.elementor-widget-heading .elementor-heading-title.elementor-size-large{font-size:29px}.elementor-widget-heading .elementor-heading-title.elementor-size-xl{font-size:39px}.elementor-widget-heading .elementor-heading-title.elementor-size-xxl{font-size:59px}<\/style><h1 class=\"elementor-heading-title elementor-size-default\">Egypt Nile cruises\n<\/h1>\t\t<\/div>\n\t\t\t\t<\/div>\n\t\t\t\t<div class=\"elementor-element elementor-element-82b7f5a hide elementor-widget elementor-widget-heading\" data-id=\"82b7f5a\" data-element_type=\"widget\" data-widget_type=\"heading.default\">\n\t\t\t\t<div class=\"elementor-widget-container\">\n\t\t\t<h2 class=\"elementor-heading-title elementor-size-default\"><a href=\"http:\/\/www.websitexprt.com\">Luxury Nile cruises\n<\/a><\/h2>\t\t<\/div>\n\t\t\t\t<\/div>\n\t\t\t\t<div class=\"elementor-element elementor-element-68a3d0f hide elementor-widget elementor-widget-heading\" data-id=\"68a3d0f\" data-element_type=\"widget\" data-widget_type=\"heading.default\">\n\t\t\t\t<div class=\"elementor-widget-container\">\n\t\t\t<h3 class=\"elementor-heading-title elementor-size-default\"><a href=\"http:\/\/www.websitexprt.com\">Nile cruises Aswan to Luxor \n<\/a><\/h3>\t\t<\/div>\n\t\t\t\t<\/div>\n\t\t\t\t<div class=\"elementor-element elementor-element-c70eb9e hide elementor-widget elementor-widget-heading\" data-id=\"c70eb9e\" data-element_type=\"widget\" data-widget_type=\"heading.default\">\n\t\t\t\t<div class=\"elementor-widget-container\">\n\t\t\t<p class=\"elementor-heading-title elementor-size-default\"><a href=\"http:\/\/www.websitexprt.com\">Nile cruise, explore Egypt's majestic Nile River with our luxury cruises. Offering 5-star multi-day journeys from Cairo, Aswan & Luxor on elegant boats and feluccas. Book your relaxing Nile cruise.<\/a><\/p>\t\t<\/div>\n\t\t\t\t<\/div>\n\t\t\t\t\t<\/div>\n\t\t<\/div>\n\t\t\t\t\t\t\t<\/div>\n\t\t<\/section>\n\t\t\t\t\t<\/div>\n\t\t<\/div>\n\t\t\t\t<div class=\"elementor-column elementor-col-25 elementor-top-column elementor-element elementor-element-7b5d02f\" data-id=\"7b5d02f\" data-element_type=\"column\">\n\t\t\t<div class=\"elementor-widget-wrap elementor-element-populated\">\n\t\t\t\t\t\t\t\t<section class=\"elementor-section elementor-inner-section elementor-element elementor-element-3f1d6bb elementor-section-height-min-height elementor-section-boxed elementor-section-height-default\" data-id=\"3f1d6bb\" data-element_type=\"section\" data-settings=\"{&quot;background_background&quot;:&quot;classic&quot;}\">\n\t\t\t\t\t\t<div class=\"elementor-container elementor-column-gap-default\">\n\t\t\t\t\t<div class=\"elementor-column elementor-col-100 elementor-inner-column elementor-element elementor-element-c8c4e91\" data-id=\"c8c4e91\" data-element_type=\"column\" data-settings=\"{&quot;background_background&quot;:&quot;classic&quot;}\">\n\t\t\t<div class=\"elementor-widget-wrap\">\n\t\t\t\t\t\t\t\t\t<\/div>\n\t\t<\/div>\n\t\t\t\t\t\t\t<\/div>\n\t\t<\/section>\n\t\t\t\t\t<\/div>\n\t\t<\/div>\n\t\t\t\t\t\t\t<\/div>\n\t\t<\/section>\n\t\t\t\t<section class=\"elementor-section elementor-top-section elementor-element elementor-element-549bc85 elementor-section-boxed elementor-section-height-default elementor-section-height-default\" data-id=\"549bc85\" data-element_type=\"section\">\n\t\t\t\t\t\t\t<div class=\"elementor-background-overlay\"><\/div>\n\t\t\t\t\t\t\t<div class=\"elementor-container elementor-column-gap-default\">\n\t\t\t\t\t<div class=\"elementor-column elementor-col-100 elementor-top-column elementor-element elementor-element-ebf4c7b\" data-id=\"ebf4c7b\" data-element_type=\"column\">\n\t\t\t<div class=\"elementor-widget-wrap elementor-element-populated\">\n\t\t\t\t\t\t\t\t<div class=\"elementor-element elementor-element-b7fd461 elementor-widget elementor-widget-heading\" data-id=\"b7fd461\" data-element_type=\"widget\" data-widget_type=\"heading.default\">\n\t\t\t\t<div class=\"elementor-widget-container\">\n\t\t\t<h2 class=\"elementor-heading-title elementor-size-default\">Navega por el legendario r\u00edo Nilo con nuestro <br> Paquetes de cruceros<\/h2>\t\t<\/div>\n\t\t\t\t<\/div>\n\t\t\t\t\t<\/div>\n\t\t<\/div>\n\t\t\t\t\t\t\t<\/div>\n\t\t<\/section>\n\t\t\t\t<section class=\"elementor-section elementor-top-section elementor-element elementor-element-2b7fa372 elementor-section-boxed elementor-section-height-default elementor-section-height-default\" data-id=\"2b7fa372\" data-element_type=\"section\">\n\t\t\t\t\t\t\t<div class=\"elementor-background-overlay\"><\/div>\n\t\t\t\t\t\t\t<div class=\"elementor-container elementor-column-gap-default\">\n\t\t\t\t\t<div class=\"elementor-column elementor-col-100 elementor-top-column elementor-element elementor-element-3c0fdb6d\" data-id=\"3c0fdb6d\" data-element_type=\"column\">\n\t\t\t<div class=\"elementor-widget-wrap elementor-element-populated\">\n\t\t\t\t\t\t\t\t<div class=\"elementor-element elementor-element-5b8cb39 elementor-grid-eael-col-3 elementor-grid-tablet-eael-col-2 elementor-grid-mobile-eael-col-1 elementor-widget elementor-widget-eael-post-grid\" data-id=\"5b8cb39\" data-element_type=\"widget\" data-settings=\"{&quot;eael_post_grid_columns&quot;:&quot;eael-col-3&quot;,&quot;eael_post_grid_columns_tablet&quot;:&quot;eael-col-2&quot;,&quot;eael_post_grid_columns_mobile&quot;:&quot;eael-col-1&quot;}\" data-widget_type=\"eael-post-grid.default\">\n\t\t\t\t<div class=\"elementor-widget-container\">\n\t\t\t<div id=\"eael-post-grid-5b8cb39\" class=\"eael-post-grid-container\">\n            <div class=\"eael-post-grid eael-post-appender eael-post-appender-5b8cb39 eael-post-grid-style-default\" data-layout-mode=\"grid\"><article class=\"eael-grid-post eael-post-grid-column\" data-id=\"1192\">\n        <div class=\"eael-grid-post-holder\">\n            <div class=\"eael-grid-post-holder-inner\"><div class=\"eael-entry-media\"><div class=\"eael-entry-overlay fade-in\"><i class=\"fas fa-long-arrow-alt-right\" aria-hidden=\"true\"><\/i><a href=\"https:\/\/medjettravel.com\/es\/egypt\/package\/super-mega-promotion-15-days\/\"><\/a><\/div><div class=\"eael-entry-thumbnail eael-image-ratio\">\n                <img decoding=\"async\" width=\"500\" height=\"625\" src=\"https:\/\/medjettravel.com\/wp-content\/uploads\/2023\/06\/Orange-bay-2000x1000-2.jpg\" class=\"attachment-large size-large wp-image-1666\" alt=\"Egypt - Medjet Travel - red-sea-hurghada-sharm-el-sheikh-marsa-alam- packages\" srcset=\"https:\/\/medjettravel.com\/wp-content\/uploads\/2023\/06\/Orange-bay-2000x1000-2.jpg 500w, https:\/\/medjettravel.com\/wp-content\/uploads\/2023\/06\/Orange-bay-2000x1000-2-240x300.jpg 240w\" sizes=\"(max-width: 500px) 100vw, 500px\" \/>\n            <\/div>\n        <\/div><div class=\"eael-entry-wrapper\"><header class=\"eael-entry-header\"><h2 class=\"eael-entry-title\"><a\n                        class=\"eael-grid-post-link\"\n                        href=\"https:\/\/medjettravel.com\/es\/egypt\/package\/super-mega-promotion-15-days\/\"\n                        title=\"Super Mega Promoci\u00f3n 15 D\u00edas\">Super Mega Promoci\u00f3n 15 D\u00edas<\/a><\/h2><\/header><div class=\"eael-entry-content\">\n                        <div class=\"eael-grid-post-excerpt\"><p>Cairo, Aswan, Luxor, Hurghada, Siwa and Alexandria<\/p><\/div>\n                    <\/div><\/div><\/div>\n        <\/div>\n    <\/article><article class=\"eael-grid-post eael-post-grid-column\" data-id=\"1161\">\n        <div class=\"eael-grid-post-holder\">\n            <div class=\"eael-grid-post-holder-inner\"><div class=\"eael-entry-media\"><div class=\"eael-entry-overlay fade-in\"><i class=\"fas fa-long-arrow-alt-right\" aria-hidden=\"true\"><\/i><a href=\"https:\/\/medjettravel.com\/es\/egypt\/package\/egyptian-charms-with-the-red-sea-14-days\/\"><\/a><\/div><div class=\"eael-entry-thumbnail eael-image-ratio\">\n                <img decoding=\"async\" width=\"500\" height=\"625\" src=\"https:\/\/medjettravel.com\/wp-content\/uploads\/2023\/06\/efacfaef2fff5a7c0ebb1dfae4663e61-st-katherine-s-monastery-1500x1000-1.jpg\" class=\"attachment-large size-large wp-image-1662\" alt=\"Egypt - Medjet Travel - sinai-St.-Catherine&#039;s-Monastery\" srcset=\"https:\/\/medjettravel.com\/wp-content\/uploads\/2023\/06\/efacfaef2fff5a7c0ebb1dfae4663e61-st-katherine-s-monastery-1500x1000-1.jpg 500w, https:\/\/medjettravel.com\/wp-content\/uploads\/2023\/06\/efacfaef2fff5a7c0ebb1dfae4663e61-st-katherine-s-monastery-1500x1000-1-240x300.jpg 240w\" sizes=\"(max-width: 500px) 100vw, 500px\" \/>\n            <\/div>\n        <\/div><div class=\"eael-entry-wrapper\"><header class=\"eael-entry-header\"><h2 class=\"eael-entry-title\"><a\n                        class=\"eael-grid-post-link\"\n                        href=\"https:\/\/medjettravel.com\/es\/egypt\/package\/egyptian-charms-with-the-red-sea-14-days\/\"\n                        title=\"Encantos egipcios con el Mar Rojo 14 d\u00edas\">Encantos egipcios con el Mar Rojo 14 d\u00edas<\/a><\/h2><\/header><div class=\"eael-entry-content\">\n                        <div class=\"eael-grid-post-excerpt\"><p>El Cairo, Asu\u00e1n, Luxor, Sina\u00ed, Sharm El Sheikh y Alejandr\u00eda<\/p><\/div>\n                    <\/div><\/div><\/div>\n        <\/div>\n    <\/article><article class=\"eael-grid-post eael-post-grid-column\" data-id=\"1096\">\n        <div class=\"eael-grid-post-holder\">\n            <div class=\"eael-grid-post-holder-inner\"><div class=\"eael-entry-media\"><div class=\"eael-entry-overlay fade-in\"><i class=\"fas fa-long-arrow-alt-right\" aria-hidden=\"true\"><\/i><a href=\"https:\/\/medjettravel.com\/es\/egypt\/package\/classic-egypt-with-the-red-sea-9-days\/\"><\/a><\/div><div class=\"eael-entry-thumbnail eael-image-ratio\">\n                <img decoding=\"async\" width=\"500\" height=\"625\" src=\"https:\/\/medjettravel.com\/wp-content\/uploads\/2023\/06\/kuvyoghmoobaHR0cHM6Ly9scC1jbXMtcHJvZHVjdGlvbi5pbWdpeC5uZXQvMjAxOS0wNi80ZGZlNDFmMGI2OWM2NzhkYzA4YjcxODk0Y2YwZTdlZS10ZW1wbGVzLW9mLWFidS1zaW1iZWwuanBnP3NoYXJwPTEwJnZpYj0yMCZ3PTEyMDA.jpg\" class=\"attachment-large size-large wp-image-1674\" alt=\"Egypt - Medjet Travel - aswan-abu-simbel\" srcset=\"https:\/\/medjettravel.com\/wp-content\/uploads\/2023\/06\/kuvyoghmoobaHR0cHM6Ly9scC1jbXMtcHJvZHVjdGlvbi5pbWdpeC5uZXQvMjAxOS0wNi80ZGZlNDFmMGI2OWM2NzhkYzA4YjcxODk0Y2YwZTdlZS10ZW1wbGVzLW9mLWFidS1zaW1iZWwuanBnP3NoYXJwPTEwJnZpYj0yMCZ3PTEyMDA.jpg 500w, https:\/\/medjettravel.com\/wp-content\/uploads\/2023\/06\/kuvyoghmoobaHR0cHM6Ly9scC1jbXMtcHJvZHVjdGlvbi5pbWdpeC5uZXQvMjAxOS0wNi80ZGZlNDFmMGI2OWM2NzhkYzA4YjcxODk0Y2YwZTdlZS10ZW1wbGVzLW9mLWFidS1zaW1iZWwuanBnP3NoYXJwPTEwJnZpYj0yMCZ3PTEyMDA-240x300.jpg 240w\" sizes=\"(max-width: 500px) 100vw, 500px\" \/>\n            <\/div>\n        <\/div><div class=\"eael-entry-wrapper\"><header class=\"eael-entry-header\"><h2 class=\"eael-entry-title\"><a\n                        class=\"eael-grid-post-link\"\n                        href=\"https:\/\/medjettravel.com\/es\/egypt\/package\/classic-egypt-with-the-red-sea-9-days\/\"\n                        title=\"Egipto Cl\u00e1sico Con el Mar Rojo 9 D\u00edas\">Egipto Cl\u00e1sico Con el Mar Rojo 9 D\u00edas<\/a><\/h2><\/header><div class=\"eael-entry-content\">\n                        <div class=\"eael-grid-post-excerpt\"><p>El Cairo, Asu\u00e1n, Luxor y Hurghada<\/p><\/div>\n                    <\/div><\/div><\/div>\n        <\/div>\n    <\/article><article class=\"eael-grid-post eael-post-grid-column\" data-id=\"1064\">\n        <div class=\"eael-grid-post-holder\">\n            <div class=\"eael-grid-post-holder-inner\"><div class=\"eael-entry-media\"><div class=\"eael-entry-overlay fade-in\"><i class=\"fas fa-long-arrow-alt-right\" aria-hidden=\"true\"><\/i><a href=\"https:\/\/medjettravel.com\/es\/egypt\/package\/classic-egypt-8-days\/\"><\/a><\/div><div class=\"eael-entry-thumbnail eael-image-ratio\">\n                <img decoding=\"async\" width=\"500\" height=\"625\" src=\"https:\/\/medjettravel.com\/wp-content\/uploads\/2023\/06\/ball.jpg\" class=\"attachment-large size-large wp-image-1678\" alt=\"Egypt - Medjet Travel - Luxor-Hotair-balloon\" srcset=\"https:\/\/medjettravel.com\/wp-content\/uploads\/2023\/06\/ball.jpg 500w, https:\/\/medjettravel.com\/wp-content\/uploads\/2023\/06\/ball-240x300.jpg 240w\" sizes=\"(max-width: 500px) 100vw, 500px\" \/>\n            <\/div>\n        <\/div><div class=\"eael-entry-wrapper\"><header class=\"eael-entry-header\"><h2 class=\"eael-entry-title\"><a\n                        class=\"eael-grid-post-link\"\n                        href=\"https:\/\/medjettravel.com\/es\/egypt\/package\/classic-egypt-8-days\/\"\n                        title=\"Egipto Cl\u00e1sico 8 D\u00edas\">Egipto Cl\u00e1sico 8 D\u00edas<\/a><\/h2><\/header><div class=\"eael-entry-content\">\n                        <div class=\"eael-grid-post-excerpt\"><p>El Cairo, Luxor y Asu\u00e1n<\/p><\/div>\n                    <\/div><\/div><\/div>\n        <\/div>\n    <\/article><article class=\"eael-grid-post eael-post-grid-column\" data-id=\"1059\">\n        <div class=\"eael-grid-post-holder\">\n            <div class=\"eael-grid-post-holder-inner\"><div class=\"eael-entry-media\"><div class=\"eael-entry-overlay fade-in\"><i class=\"fas fa-long-arrow-alt-right\" aria-hidden=\"true\"><\/i><a href=\"https:\/\/medjettravel.com\/es\/egypt\/package\/classic-egypt-7-days\/\"><\/a><\/div><div class=\"eael-entry-thumbnail eael-image-ratio\">\n                <img decoding=\"async\" width=\"500\" height=\"625\" src=\"https:\/\/medjettravel.com\/wp-content\/uploads\/2023\/06\/IMG_6086.jpg\" class=\"attachment-large size-large wp-image-1682\" alt=\"Egypt - Medjet Travel - egyptian-museum-King-Tut\" srcset=\"https:\/\/medjettravel.com\/wp-content\/uploads\/2023\/06\/IMG_6086.jpg 500w, https:\/\/medjettravel.com\/wp-content\/uploads\/2023\/06\/IMG_6086-240x300.jpg 240w\" sizes=\"(max-width: 500px) 100vw, 500px\" \/>\n            <\/div>\n        <\/div><div class=\"eael-entry-wrapper\"><header class=\"eael-entry-header\"><h2 class=\"eael-entry-title\"><a\n                        class=\"eael-grid-post-link\"\n                        href=\"https:\/\/medjettravel.com\/es\/egypt\/package\/classic-egypt-7-days\/\"\n                        title=\"Egipto Cl\u00e1sico 7 D\u00edas\">Egipto Cl\u00e1sico 7 D\u00edas<\/a><\/h2><\/header><div class=\"eael-entry-content\">\n                        <div class=\"eael-grid-post-excerpt\"><p>El Cairo, Asu\u00e1n y Luxor<\/p><\/div>\n                    <\/div><\/div><\/div>\n        <\/div>\n    <\/article><\/div>\n            <div class=\"clearfix\"><\/div>\n        <\/div>\t\t<\/div>\n\t\t\t\t<\/div>\n\t\t\t\t\t<\/div>\n\t\t<\/div>\n\t\t\t\t\t\t\t<\/div>\n\t\t<\/section>\n\t\t\t\t\t\t\t<\/div>","protected":false},"excerpt":{"rendered":"<p>Egypt Nile cruises Luxury Nile cruises Nile cruises Aswan to Luxor Nile cruise, explore Egypt&#8217;s majestic Nile River with our luxury cruises. Offering 5-star multi-day journeys from Cairo, Aswan &#038; Luxor on elegant boats and feluccas. Book your relaxing Nile cruise. Sail the Legendary Nile River with Our Cruise Packages Super Mega Promotion 15 Days [&hellip;]<\/p>","protected":false},"author":1,"featured_media":0,"parent":0,"menu_order":0,"comment_status":"closed","ping_status":"closed","template":"elementor_header_footer","meta":{"footnotes":""},"blocksy_meta":"","aioseo_notices":[],"_links":{"self":[{"href":"https:\/\/medjettravel.com\/es\/wp-json\/wp\/v2\/pages\/576"}],"collection":[{"href":"https:\/\/medjettravel.com\/es\/wp-json\/wp\/v2\/pages"}],"about":[{"href":"https:\/\/medjettravel.com\/es\/wp-json\/wp\/v2\/types\/page"}],"author":[{"embeddable":true,"href":"https:\/\/medjettravel.com\/es\/wp-json\/wp\/v2\/users\/1"}],"replies":[{"embeddable":true,"href":"https:\/\/medjettravel.com\/es\/wp-json\/wp\/v2\/comments?post=576"}],"version-history":[{"count":0,"href":"https:\/\/medjettravel.com\/es\/wp-json\/wp\/v2\/pages\/576\/revisions"}],"wp:attachment":[{"href":"https:\/\/medjettravel.com\/es\/wp-json\/wp\/v2\/media?parent=576"}],"curies":[{"name":"wp","href":"https:\/\/api.w.org\/{rel}","templated":true}]}}